{"id":13,"date":"2021-01-05T13:33:56","date_gmt":"2021-01-05T12:33:56","guid":{"rendered":"https:\/\/vidensbank.booomerang.dk\/index.php\/faq\/"},"modified":"2021-02-10T18:56:25","modified_gmt":"2021-02-10T17:56:25","slug":"om-denne-side","status":"publish","type":"page","link":"https:\/\/faq.boomerang.dk\/index.php\/om-denne-side\/","title":{"rendered":"Om denne side"},"content":{"rendered":"\n<p>N\u00e5r du vil igang med crowdfunding er der altid 1 milliard sp\u00f8rgsm\u00e5l.&nbsp;<\/p>\n\n\n\n<p>Mange af svarene kan findes p\u00e5 n\u00e6sten lige s\u00e5 mange sider p\u00e5 nettet. Alle med gode id\u00e9er og tips &#8211; og svar p\u00e5 de mange praktiske sp\u00f8rgsm\u00e5l.&nbsp;<\/p>\n\n\n\n<p>Her har jeg fors\u00f8gt, at samle mere end 10 \u00e5rs erfaring med crowdfunding i Danmark &#8211; og kommer med svar p\u00e5 mange af de sp\u00f8rgsm\u00e5l jeg er blevet stillet i l\u00f8bet af de \u00e5r.&nbsp;<\/p>\n\n\n\n<p>Her finder du svarene p\u00e5 mange af de sp\u00f8rgsm\u00e5l jeg er blevet stillet. B\u00e5de omkring reward crowdfunding, og ogs\u00e5 donations crowdfunding, l\u00e5ne crowdfunding og investerings crowdfunding.&nbsp;<\/p>\n\n\n\n<p>Min id\u00e9 med denne side er at lave et opslagsv\u00e6rk (mangler et bedre ord) hvor du kan f\u00e5 svar p\u00e5 de fleste sp\u00f8rgsm\u00e5l om de 4 typer crowdfunding.&nbsp;<\/p>\n\n\n\n<p>Det er ikke den endegyldige sandhed. Du kan have en anden id\u00e9 eller opfattelse omkring de informationer der er her p\u00e5 siden. Du er velkommen til at sende mig en mail, hvis du vil bidrage til siden her. Forbeholder mig dog retten til ogs\u00e5 at sige p\u00e6nt &#8220;nej tak&#8221;.&nbsp;<\/p>\n\n\n\n<p>Med tiden er h\u00e5bet, at der her opbygges en slags crowdfunding wikipedia &#8211; s\u00e5 du kun beh\u00f8ver lede et sted.<\/p>\n\n\n\n<p>\/\/\/<a rel=\"noreferrer noopener\" href=\"http:\/\/www.michaeleis.com\" target=\"_blank\">Michael Eis<\/a><br><\/p>\n\n\n\n<p>Email: booom (at) booomerang.dk<\/p>\n\n\n\n<p>Stifter og ejer af <a href=\"http:\/\/www.booomerang.dk\" target=\"_blank\" rel=\"noreferrer noopener\">booomerang.dk<\/a><br>Stifter og formand for <a rel=\"noreferrer noopener\" href=\"http:\/\/www.danskcrowdfundingforening.dk\" target=\"_blank\">Dansk Crowdfunding Forening<\/a><br>Initiativtager og kaptajn p\u00e5 <a href=\"http:\/\/www.iv\u00e6rks\u00e6tterskibet.dk\" target=\"_blank\" rel=\"noreferrer noopener\">Iv\u00e6rks\u00e6tterSkibet<\/a><\/p>\n","protected":false},"excerpt":{"rendered":"<p>N\u00e5r du vil igang med crowdfunding er der altid 1 milliard sp\u00f8rgsm\u00e5l.&nbsp; Mange af svarene kan findes p\u00e5 n\u00e6sten lige s\u00e5 mange sider p\u00e5 nettet. Alle med gode id\u00e9er og tips &#8211; og svar p\u00e5 de mange praktiske sp\u00f8rgsm\u00e5l.&nbsp; Her har jeg fors\u00f8gt, at samle mere end 10 \u00e5rs erfaring&#8230;<\/p>\n","protected":false},"author":1,"featured_media":0,"parent":0,"menu_order":0,"comment_status":"closed","ping_status":"closed","template":"","meta":[],"_links":{"self":[{"href":"https:\/\/faq.boomerang.dk\/index.php\/wp-json\/wp\/v2\/pages\/13"}],"collection":[{"href":"https:\/\/faq.boomerang.dk\/index.php\/wp-json\/wp\/v2\/pages"}],"about":[{"href":"https:\/\/faq.boomerang.dk\/index.php\/wp-json\/wp\/v2\/types\/page"}],"author":[{"embeddable":true,"href":"https:\/\/faq.boomerang.dk\/index.php\/wp-json\/wp\/v2\/users\/1"}],"replies":[{"embeddable":true,"href":"https:\/\/faq.boomerang.dk\/index.php\/wp-json\/wp\/v2\/comments?post=13"}],"version-history":[{"count":5,"href":"https:\/\/faq.boomerang.dk\/index.php\/wp-json\/wp\/v2\/pages\/13\/revisions"}],"predecessor-version":[{"id":220,"href":"https:\/\/faq.boomerang.dk\/index.php\/wp-json\/wp\/v2\/pages\/13\/revisions\/220"}],"wp:attachment":[{"href":"https:\/\/faq.boomerang.dk\/index.php\/wp-json\/wp\/v2\/media?parent=13"}],"curies":[{"name":"wp","href":"https:\/\/api.w.org\/{rel}","templated":true}]}}